{"id":4294,"date":"2025-01-19T21:08:32","date_gmt":"2025-01-20T00:08:32","guid":{"rendered":"https:\/\/indelta.cl\/WpRw\/?page_id=4294"},"modified":"2025-01-19T21:19:24","modified_gmt":"2025-01-20T00:19:24","slug":"seven","status":"publish","type":"page","link":"https:\/\/indelta.cl\/WpRw\/seven\/","title":{"rendered":"SEVEN"},"content":{"rendered":"<section id=\"bt_bb_section6a04857e708fd\" class=\"bt_bb_section bt_bb_layout_boxed_1200 bt_bb_vertical_align_top bt_bb_top_spacing_medium\"  data-bt-override-class=\"null\"><div class=\"bt_bb_background_image_holder_wrapper\"><div class=\"bt_bb_background_image_holder bt_bb_parallax\"  data-parallax=\"0.5\" data-parallax-offset=\"0\" data-parallax-zoom-start=\"1\" data-parallax-zoom-end=\"1\" data-parallax-blur-start=\"0\" data-parallax-blur-end=\"0\" data-parallax-opacity-start=\"1\" data-parallax-opacity-end=\"1\" style=\" background-image:url(&#039;https:\/\/indelta.cl\/WpRw\/wp-content\/uploads\/2018\/10\/background_grayscale_03-4.jpg&#039;);\"><\/div><\/div><div class=\"bt_bb_port\"><div class=\"bt_bb_cell\"><div class=\"bt_bb_cell_inner\"><\/div><!-- cell_inner --><\/div><!-- cell --><\/div><!-- port --><\/section><section id=\"bt_bb_section6a04857e70e66\" class=\"bt_bb_section bt_bb_color_scheme_13 bt_bb_layout_boxed_1200 bt_bb_vertical_align_top bt_bb_top_spacing_large bt_bb_bottom_spacing_medium\" style=\"; --section-primary-color:#181818; --section-secondary-color:#f9f9f9;\" data-bt-override-class=\"null\"><div class=\"bt_bb_port\"><div class=\"bt_bb_cell\"><div class=\"bt_bb_cell_inner\"><div class=\"bt_bb_row_wrapper\"><div  class=\"bt_bb_row\"  data-bt-override-class=\"{}\"><div  class=\"bt_bb_column col-xxl-4 col-xl-4 bt_bb_vertical_align_middle bt_bb_align_left bt_bb_padding_normal bt_bb_animation_fade_in animate\"  data-width=\"4\" data-bt-override-class=\"{}\"><div class=\"bt_bb_column_content\"><div class=\"bt_bb_column_content_inner\"><div data-bb-version=\"4.5.6\" class=\"bt_bb_image bt_bb_shape_soft-rounded bt_bb_target_self bt_bb_align_inherit bt_bb_hover_style_simple bt_bb_content_display_always bt_bb_content_align_middle bt_bb_hidden_xs bt_bb_inner_padding_ \" style=\"height:800px; overflow: hidden;\" data-bt-override-class=\"{&quot;bt_bb_align_&quot;:{&quot;current_class&quot;:&quot;bt_bb_align_inherit&quot;,&quot;xxl&quot;:&quot;inherit&quot;}}\"><span><img loading=\"lazy\" decoding=\"async\" width=\"640\" height=\"562\" src=\"https:\/\/indelta.cl\/WpRw\/wp-content\/uploads\/2025\/01\/Propulsa-Epura-800X800-6-640x800-1.jpg\" class=\"attachment-boldthemes_large_vertical_rectangle size-boldthemes_large_vertical_rectangle\" alt=\"https:\/\/indelta.cl\/WpRw\/wp-content\/uploads\/2025\/01\/Propulsa-Epura-800X800-6-640x800-1.jpg\" data-full_image_src=\"https:\/\/indelta.cl\/WpRw\/wp-content\/uploads\/2025\/01\/Propulsa-Epura-800X800-6-640x800-1.jpg\" title=\"Propulsa-Epura-800X800-6-640x800\" srcset=\"https:\/\/indelta.cl\/WpRw\/wp-content\/uploads\/2025\/01\/Propulsa-Epura-800X800-6-640x800-1.jpg 640w, https:\/\/indelta.cl\/WpRw\/wp-content\/uploads\/2025\/01\/Propulsa-Epura-800X800-6-640x800-1-320x281.jpg 320w\" sizes=\"auto, (max-width: 640px) 100vw, 640px\" \/><\/span><\/div><div class=\"bt_bb_separator bt_bb_border_style_none bt_bb_bottom_spacing_medium bt_bb_hidden_md bt_bb_hidden_lg\" data-bt-override-class=\"null\"><\/div><\/div><\/div><\/div><div  class=\"bt_bb_column col-xxl-8 col-xl-8 bt_bb_vertical_align_middle bt_bb_align_left bt_bb_padding_30 bt_bb_animation_fade_in animate\"  data-width=\"8\" data-bt-override-class=\"{}\"><div class=\"bt_bb_column_content\"><div class=\"bt_bb_column_content_inner\"><header data-bb-version=\"4.5.6\" class=\"bt_bb_headline bt_bb_dash_none bt_bb_size_large bt_bb_align_inherit\" data-bt-override-class=\"{&quot;bt_bb_size_&quot;:{&quot;current_class&quot;:&quot;bt_bb_size_large&quot;,&quot;xxl&quot;:&quot;large&quot;},&quot;bt_bb_align_&quot;:{&quot;current_class&quot;:&quot;bt_bb_align_inherit&quot;,&quot;xxl&quot;:&quot;inherit&quot;}}\"><h3 class=\"bt_bb_headline_tag\"><span class=\"bt_bb_headline_content\"><span >SEVEN<\/span><\/span><\/h3><\/header><div class=\"bt_bb_separator bt_bb_border_style_none bt_bb_bottom_spacing_normal\" data-bt-override-class=\"null\"><\/div><div  class=\"bt_bb_text\" ><p>En la forma de planificar la operaci\u00f3n de riego de los caminos productivos.<br \/>\nSEVEN es una herramienta capaz de entregar una planificaci\u00f3n de riego y de perfilar la calidad de sus caminos de forma autom\u00e1tica, altamente confiable utilizando t\u00e9cnicas de Big Data y Data Science tanto en el levantamiento como en an\u00e1lisis de sus datos.<\/p>\n<p>A la actual manera de aplicar el supresor.<br \/>\nSEVEN determina d\u00f3nde y c\u00f3mo humectar. Los equipos regadores son dotados de m\u00f3dulos para la apertura y corte del caudal de forma georreferenciada, corte autom\u00e1tico en bajas velocidades (&lt; 5km\/h) o en caso de frenado, riego segmentado h\u00famedo-seco con distancias ajustables por usuario. Adem\u00e1s, se considera el suministro de aspersores de flujo regulable, que permiten un control preciso de la tasa de humectaci\u00f3n. El operador evita las distracciones en la conducci\u00f3n al no tener que decidir donde y c\u00f3mo regar.<\/p>\n<\/div><div class=\"bt_bb_separator bt_bb_border_style_none bt_bb_bottom_spacing_medium\" data-bt-override-class=\"null\"><\/div><div data-bb-version=\"4.5.6\" class=\"bt_bb_image bt_bb_shape_square bt_bb_target_self bt_bb_align_center bt_bb_hover_style_simple bt_bb_content_display_always bt_bb_content_align_middle bt_bb_inner_padding_15\" data-bt-override-class=\"{&quot;bt_bb_align_&quot;:{&quot;current_class&quot;:&quot;bt_bb_align_center&quot;,&quot;xxl&quot;:&quot;center&quot;}}\"><span><img loading=\"lazy\" decoding=\"async\" width=\"472\" height=\"282\" src=\"https:\/\/indelta.cl\/WpRw\/wp-content\/uploads\/2025\/01\/SEVEN_01.png\" class=\"attachment-full size-full\" alt=\"https:\/\/indelta.cl\/WpRw\/wp-content\/uploads\/2025\/01\/SEVEN_01.png\" data-full_image_src=\"https:\/\/indelta.cl\/WpRw\/wp-content\/uploads\/2025\/01\/SEVEN_01.png\" title=\"SEVEN_01\" srcset=\"https:\/\/indelta.cl\/WpRw\/wp-content\/uploads\/2025\/01\/SEVEN_01.png 472w, https:\/\/indelta.cl\/WpRw\/wp-content\/uploads\/2025\/01\/SEVEN_01-320x191.png 320w\" sizes=\"auto, (max-width: 472px) 100vw, 472px\" \/><\/span><\/div><\/div><\/div><\/div><\/div><\/div><\/div><!-- cell_inner --><\/div><!-- cell --><\/div><!-- port --><\/section>","protected":false},"excerpt":{"rendered":"","protected":false},"author":1,"featured_media":4295,"parent":0,"menu_order":0,"comment_status":"closed","ping_status":"closed","template":"","meta":{"footnotes":""},"class_list":["post-4294","page","type-page","status-publish","has-post-thumbnail","hentry"],"_links":{"self":[{"href":"https:\/\/indelta.cl\/WpRw\/wp-json\/wp\/v2\/pages\/4294","targetHints":{"allow":["GET"]}}],"collection":[{"href":"https:\/\/indelta.cl\/WpRw\/wp-json\/wp\/v2\/pages"}],"about":[{"href":"https:\/\/indelta.cl\/WpRw\/wp-json\/wp\/v2\/types\/page"}],"author":[{"embeddable":true,"href":"https:\/\/indelta.cl\/WpRw\/wp-json\/wp\/v2\/users\/1"}],"replies":[{"embeddable":true,"href":"https:\/\/indelta.cl\/WpRw\/wp-json\/wp\/v2\/comments?post=4294"}],"version-history":[{"count":3,"href":"https:\/\/indelta.cl\/WpRw\/wp-json\/wp\/v2\/pages\/4294\/revisions"}],"predecessor-version":[{"id":4301,"href":"https:\/\/indelta.cl\/WpRw\/wp-json\/wp\/v2\/pages\/4294\/revisions\/4301"}],"wp:featuredmedia":[{"embeddable":true,"href":"https:\/\/indelta.cl\/WpRw\/wp-json\/wp\/v2\/media\/4295"}],"wp:attachment":[{"href":"https:\/\/indelta.cl\/WpRw\/wp-json\/wp\/v2\/media?parent=4294"}],"curies":[{"name":"wp","href":"https:\/\/api.w.org\/{rel}","templated":true}]}}